{"id":388,"date":"2022-08-03T22:58:14","date_gmt":"2022-08-03T20:58:14","guid":{"rendered":"https:\/\/www.troisboutsdeficelle.fr\/?page_id=388"},"modified":"2025-08-11T15:55:09","modified_gmt":"2025-08-11T13:55:09","slug":"contact-2","status":"publish","type":"page","link":"https:\/\/www.troisboutsdeficelle.fr\/index.php\/contact-2\/","title":{"rendered":"Contact\/Adh\u00e9sion"},"content":{"rendered":"\t\t<div data-elementor-type=\"wp-page\" data-elementor-id=\"388\" class=\"elementor elementor-388\">\n\t\t\t\t\t\t\t\t\t<section class=\"elementor-section elementor-top-section elementor-element elementor-element-93320d elementor-section-boxed elementor-section-height-default elementor-section-height-default\" data-id=\"93320d\" data-element_type=\"section\">\n\t\t\t\t\t\t<div class=\"elementor-container elementor-column-gap-default\">\n\t\t\t\t\t<div class=\"elementor-column elementor-col-100 elementor-top-column elementor-element elementor-element-393452d4\" data-id=\"393452d4\" data-element_type=\"column\">\n\t\t\t<div class=\"elementor-widget-wrap elementor-element-populated\">\n\t\t\t\t\t\t\t\t<div class=\"elementor-element elementor-element-3fae4fc elementor-widget elementor-widget-text-editor\" data-id=\"3fae4fc\" data-element_type=\"widget\" data-widget_type=\"text-editor.default\">\n\t\t\t\t<div class=\"elementor-widget-container\">\n\t\t\t<style>\/*! elementor - v3.13.1 - 09-05-2023 *\/\n.elementor-widget-text-editor.elementor-drop-cap-view-stacked .elementor-drop-cap{background-color:#69727d;color:#fff}.elementor-widget-text-editor.elementor-drop-cap-view-framed .elementor-drop-cap{color:#69727d;border:3px solid;background-color:transparent}.elementor-widget-text-editor:not(.elementor-drop-cap-view-default) .elementor-drop-cap{margin-top:8px}.elementor-widget-text-editor:not(.elementor-drop-cap-view-default) .elementor-drop-cap-letter{width:1em;height:1em}.elementor-widget-text-editor .elementor-drop-cap{float:left;text-align:center;line-height:1;font-size:50px}.elementor-widget-text-editor .elementor-drop-cap-letter{display:inline-block}<\/style>\t\t\t\t<!-- wp:heading -->\n<h2>Ecrivez-nous !<\/h2>\n<!-- \/wp:heading -->\n\n<!-- wp:html -->\n<div class=\"forminator-ui forminator-custom-form forminator-custom-form-164 forminator-design--default  forminator_ajax\" data-forminator-render=\"0\" data-form=\"forminator-module-164\" data-uid=\"69dfd712e5184\"><br\/><\/div><form\n\t\t\t\tid=\"forminator-module-164\"\n\t\t\t\tclass=\"forminator-ui forminator-custom-form forminator-custom-form-164 forminator-design--default  forminator_ajax\"\n\t\t\t\tmethod=\"post\"\n\t\t\t\tdata-forminator-render=\"0\"\n\t\t\t\tdata-form-id=\"164\"\n\t\t\t\t\n\t\t\t\tdata-design=\"default\"\n\t\t\t\t\n\t\t\t\t\n\t\t\t\t\n\t\t\t\tdata-grid=\"open\"\n\t\t\t\t\n\t\t\t\t\n\t\t\t\tstyle=\"display: none;\"\n\t\t\t\t\n\t\t\t\tdata-uid=\"69dfd712e5184\"\n\t\t\t><div class=\"forminator-response-message forminator-error\" aria-hidden=\"true\"><\/div><div class=\"forminator-row\"><div id=\"name-2\" class=\"forminator-col forminator-col-12 \"><div class=\"forminator-row forminator-no-margin\" data-multiple=\"true\"><div class=\"forminator-col forminator-col-md-6\"><div class=\"forminator-field\"><label for=\"forminator-field-first-name-2_69dfd712e5184\" class=\"forminator-label\">Pr\u00e9nom <span class=\"forminator-required\">*<\/span><\/label><input type=\"text\" name=\"name-2-first-name\" placeholder=\"Par exemple\u00a0: Jean\" id=\"forminator-field-first-name-2_69dfd712e5184\" class=\"forminator-input\" aria-required=\"true\" data-multi=\"1\" value=\"\" \/><\/div><\/div><div class=\"forminator-col forminator-col-md-6\"><div class=\"forminator-field\"><label for=\"forminator-field-last-name-2_69dfd712e5184\" class=\"forminator-label\">Nom de famille <span class=\"forminator-required\">*<\/span><\/label><input type=\"text\" name=\"name-2-last-name\" placeholder=\"Par exemple\u00a0: Durand\" id=\"forminator-field-last-name-2_69dfd712e5184\" class=\"forminator-input\" aria-required=\"true\" data-multi=\"1\" value=\"\" \/><\/div><\/div><\/div><\/div><\/div><div class=\"forminator-row\"><div id=\"email-1\" class=\"forminator-col forminator-col-12 \"><div class=\"forminator-field\"><label for=\"forminator-field-email-1_69dfd712e5184\" class=\"forminator-label\">Adresse de messagerie <span class=\"forminator-required\">*<\/span><\/label><input type=\"email\" name=\"email-1\" value=\"\" placeholder=\"Par exemple\u00a0: jacques@martin.com\" id=\"forminator-field-email-1_69dfd712e5184\" class=\"forminator-input forminator-email--field\" data-required=\"true\" aria-required=\"true\" \/><\/div><\/div><\/div><div class=\"forminator-row\"><div id=\"phone-1\" class=\"forminator-col forminator-col-12 \"><div class=\"forminator-field\"><label for=\"forminator-field-phone-1_69dfd712e5184\" class=\"forminator-label\">Num\u00e9ro de t\u00e9l\u00e9phone<\/label><input type=\"text\" name=\"phone-1\" value=\"\" placeholder=\"Par exemple\u00a0: +1 02 03 04 05\" id=\"forminator-field-phone-1_69dfd712e5184\" class=\"forminator-input forminator-field--phone\" data-required=\"\" aria-required=\"false\" autocomplete=\"off\" \/><\/div><\/div><\/div><div class=\"forminator-row\"><div id=\"textarea-1\" class=\"forminator-col forminator-col-12 \"><div class=\"forminator-field\"><label for=\"forminator-field-textarea-1_69dfd712e5184\" class=\"forminator-label\">Message<\/label><textarea name=\"textarea-1\" placeholder=\"Saisissez votre message\u2026\" id=\"forminator-field-textarea-1_69dfd712e5184\" class=\"forminator-textarea\" rows=\"6\" style=\"min-height:140px;\" maxlength=\"180\" ><\/textarea><span id=\"forminator-field-textarea-1_69dfd712e5184-description\" class=\"forminator-description\"><span data-limit=\"180\" data-type=\"characters\">0 \/ 180<\/span><\/span><\/div><\/div><\/div><input type=\"hidden\" name=\"referer_url\" value=\"\" \/><div class=\"forminator-row forminator-row-last\"><div class=\"forminator-col\"><div class=\"forminator-field\"><button class=\"forminator-button forminator-button-submit\">Envoyer le message<\/button><\/div><\/div><\/div><input type=\"hidden\" id=\"forminator_nonce\" name=\"forminator_nonce\" value=\"d9a2c764ae\" \/><input type=\"hidden\" name=\"_wp_http_referer\" value=\"\/index.php\/wp-json\/wp\/v2\/pages\/388\" \/><input type=\"hidden\" name=\"form_id\" value=\"164\"><input type=\"hidden\" name=\"page_id\" value=\"388\"><input type=\"hidden\" name=\"form_type\" value=\"default\"><input type=\"hidden\" name=\"current_url\" value=\"https:\/\/www.troisboutsdeficelle.fr\/index.php\/contact-2\/\"><input type=\"hidden\" name=\"render_id\" value=\"0\"><input type=\"hidden\" name=\"action\" value=\"forminator_submit_form_custom-forms\"><\/form>\n<!-- \/wp:html -->\t\t\t\t\t\t<\/div>\n\t\t\t\t<\/div>\n\t\t\t\t\t<\/div>\n\t\t<\/div>\n\t\t\t\t\t\t\t<\/div>\n\t\t<\/section>\n\t\t\t\t<section class=\"elementor-section elementor-top-section elementor-element elementor-element-9cef35e elementor-section-boxed elementor-section-height-default elementor-section-height-default\" data-id=\"9cef35e\" data-element_type=\"section\">\n\t\t\t\t\t\t<div class=\"elementor-container elementor-column-gap-default\">\n\t\t\t\t\t<div class=\"elementor-column elementor-col-100 elementor-top-column elementor-element elementor-element-ad85a7c\" data-id=\"ad85a7c\" data-element_type=\"column\">\n\t\t\t<div class=\"elementor-widget-wrap elementor-element-populated\">\n\t\t\t\t\t\t\t\t<div class=\"elementor-element elementor-element-f8e3819 elementor-widget elementor-widget-heading\" data-id=\"f8e3819\" data-element_type=\"widget\" data-widget_type=\"heading.default\">\n\t\t\t\t<div class=\"elementor-widget-container\">\n\t\t\t<style>\/*! elementor - v3.13.1 - 09-05-2023 *\/\n.elementor-heading-title{padding:0;margin:0;line-height:1}.elementor-widget-heading .elementor-heading-title[class*=elementor-size-]>a{color:inherit;font-size:inherit;line-height:inherit}.elementor-widget-heading .elementor-heading-title.elementor-size-small{font-size:15px}.elementor-widget-heading .elementor-heading-title.elementor-size-medium{font-size:19px}.elementor-widget-heading .elementor-heading-title.elementor-size-large{font-size:29px}.elementor-widget-heading .elementor-heading-title.elementor-size-xl{font-size:39px}.elementor-widget-heading .elementor-heading-title.elementor-size-xxl{font-size:59px}<\/style><h2 class=\"elementor-heading-title elementor-size-default\">Pour adh\u00e9rer<\/h2>\t\t<\/div>\n\t\t\t\t<\/div>\n\t\t\t\t\t<\/div>\n\t\t<\/div>\n\t\t\t\t\t\t\t<\/div>\n\t\t<\/section>\n\t\t\t\t<section class=\"elementor-section elementor-top-section elementor-element elementor-element-fe7c15a elementor-section-boxed elementor-section-height-default elementor-section-height-default\" data-id=\"fe7c15a\" data-element_type=\"section\">\n\t\t\t\t\t\t<div class=\"elementor-container elementor-column-gap-default\">\n\t\t\t\t\t<div class=\"elementor-column elementor-col-100 elementor-top-column elementor-element elementor-element-afcb454\" data-id=\"afcb454\" data-element_type=\"column\">\n\t\t\t<div class=\"elementor-widget-wrap elementor-element-populated\">\n\t\t\t\t\t\t\t\t<div class=\"elementor-element elementor-element-621a404 elementor-widget elementor-widget-text-editor\" data-id=\"621a404\" data-element_type=\"widget\" data-widget_type=\"text-editor.default\">\n\t\t\t\t<div class=\"elementor-widget-container\">\n\t\t\t\t\t\t\t<p>Adh\u00e9sion individuelle : 10 euros<\/p>\n<p>Valable du 1 er septembre 2025 au 31 ao\u00fbt 2026<\/p>\n<h3><a href=\"https:\/\/www.helloasso.com\/associations\/trois-bouts-de-ficelle\/adhesions\/adhesion-25-26\">ADHERER<\/a><\/h3>\t\t\t\t\t\t<\/div>\n\t\t\t\t<\/div>\n\t\t\t\t\t<\/div>\n\t\t<\/div>\n\t\t\t\t\t\t\t<\/div>\n\t\t<\/section>\n\t\t\t\t\t\t\t<\/div>\n\t\t","protected":false},"excerpt":{"rendered":"<p>Ecrivez-nous ! Pour adh\u00e9rer Adh\u00e9sion individuelle : 10 euros Valable du 1 er septembre 2025 au 31 ao\u00fbt 2026 ADHERER<\/p>\n","protected":false},"author":1,"featured_media":0,"parent":0,"menu_order":0,"comment_status":"closed","ping_status":"closed","template":"","meta":{"footnotes":""},"class_list":["post-388","page","type-page","status-publish","hentry"],"yoast_head":"<!-- This site is optimized with the Yoast SEO plugin v23.3 - https:\/\/yoast.com\/wordpress\/plugins\/seo\/ -->\n<title>Contact\/Adh\u00e9sion -<\/title>\n<meta name=\"robots\" content=\"index, follow, max-snippet:-1, max-image-preview:large, max-video-preview:-1\" \/>\n<link rel=\"canonical\" href=\"https:\/\/www.troisboutsdeficelle.fr\/index.php\/contact-2\/\" \/>\n<meta property=\"og:locale\" content=\"fr_FR\" \/>\n<meta property=\"og:type\" content=\"article\" \/>\n<meta property=\"og:title\" content=\"Contact\/Adh\u00e9sion -\" \/>\n<meta property=\"og:description\" content=\"Ecrivez-nous ! Pour adh\u00e9rer Adh\u00e9sion individuelle : 10 euros Valable du 1 er septembre 2025 au 31 ao\u00fbt 2026 ADHERER\" \/>\n<meta property=\"og:url\" content=\"https:\/\/www.troisboutsdeficelle.fr\/index.php\/contact-2\/\" \/>\n<meta property=\"article:modified_time\" content=\"2025-08-11T13:55:09+00:00\" \/>\n<meta name=\"twitter:card\" content=\"summary_large_image\" \/>\n<meta name=\"twitter:label1\" content=\"Dur\u00e9e de lecture estim\u00e9e\" \/>\n\t<meta name=\"twitter:data1\" content=\"1 minute\" \/>\n<script type=\"application\/ld+json\" class=\"yoast-schema-graph\">{\"@context\":\"https:\/\/schema.org\",\"@graph\":[{\"@type\":\"WebPage\",\"@id\":\"https:\/\/www.troisboutsdeficelle.fr\/index.php\/contact-2\/\",\"url\":\"https:\/\/www.troisboutsdeficelle.fr\/index.php\/contact-2\/\",\"name\":\"Contact\/Adh\u00e9sion -\",\"isPartOf\":{\"@id\":\"https:\/\/www.troisboutsdeficelle.fr\/#website\"},\"datePublished\":\"2022-08-03T20:58:14+00:00\",\"dateModified\":\"2025-08-11T13:55:09+00:00\",\"breadcrumb\":{\"@id\":\"https:\/\/www.troisboutsdeficelle.fr\/index.php\/contact-2\/#breadcrumb\"},\"inLanguage\":\"fr-FR\",\"potentialAction\":[{\"@type\":\"ReadAction\",\"target\":[\"https:\/\/www.troisboutsdeficelle.fr\/index.php\/contact-2\/\"]}]},{\"@type\":\"BreadcrumbList\",\"@id\":\"https:\/\/www.troisboutsdeficelle.fr\/index.php\/contact-2\/#breadcrumb\",\"itemListElement\":[{\"@type\":\"ListItem\",\"position\":1,\"name\":\"Accueil\",\"item\":\"https:\/\/www.troisboutsdeficelle.fr\/\"},{\"@type\":\"ListItem\",\"position\":2,\"name\":\"Contact\/Adh\u00e9sion\"}]},{\"@type\":\"WebSite\",\"@id\":\"https:\/\/www.troisboutsdeficelle.fr\/#website\",\"url\":\"https:\/\/www.troisboutsdeficelle.fr\/\",\"name\":\"\",\"description\":\"\",\"publisher\":{\"@id\":\"https:\/\/www.troisboutsdeficelle.fr\/#organization\"},\"potentialAction\":[{\"@type\":\"SearchAction\",\"target\":{\"@type\":\"EntryPoint\",\"urlTemplate\":\"https:\/\/www.troisboutsdeficelle.fr\/?s={search_term_string}\"},\"query-input\":\"required name=search_term_string\"}],\"inLanguage\":\"fr-FR\"},{\"@type\":\"Organization\",\"@id\":\"https:\/\/www.troisboutsdeficelle.fr\/#organization\",\"name\":\"TROIS BOUTS DE FICELLE\",\"url\":\"https:\/\/www.troisboutsdeficelle.fr\/\",\"logo\":{\"@type\":\"ImageObject\",\"inLanguage\":\"fr-FR\",\"@id\":\"https:\/\/www.troisboutsdeficelle.fr\/#\/schema\/logo\/image\/\",\"url\":\"https:\/\/www.troisboutsdeficelle.fr\/wp-content\/uploads\/2022\/07\/cropped-cropped-cropped-cropped-Logo-1.jpg\",\"contentUrl\":\"https:\/\/www.troisboutsdeficelle.fr\/wp-content\/uploads\/2022\/07\/cropped-cropped-cropped-cropped-Logo-1.jpg\",\"width\":1461,\"height\":429,\"caption\":\"TROIS BOUTS DE FICELLE\"},\"image\":{\"@id\":\"https:\/\/www.troisboutsdeficelle.fr\/#\/schema\/logo\/image\/\"}}]}<\/script>\n<!-- \/ Yoast SEO plugin. -->","yoast_head_json":{"title":"Contact\/Adh\u00e9sion -","robots":{"index":"index","follow":"follow","max-snippet":"max-snippet:-1","max-image-preview":"max-image-preview:large","max-video-preview":"max-video-preview:-1"},"canonical":"https:\/\/www.troisboutsdeficelle.fr\/index.php\/contact-2\/","og_locale":"fr_FR","og_type":"article","og_title":"Contact\/Adh\u00e9sion -","og_description":"Ecrivez-nous ! Pour adh\u00e9rer Adh\u00e9sion individuelle : 10 euros Valable du 1 er septembre 2025 au 31 ao\u00fbt 2026 ADHERER","og_url":"https:\/\/www.troisboutsdeficelle.fr\/index.php\/contact-2\/","article_modified_time":"2025-08-11T13:55:09+00:00","twitter_card":"summary_large_image","twitter_misc":{"Dur\u00e9e de lecture estim\u00e9e":"1 minute"},"schema":{"@context":"https:\/\/schema.org","@graph":[{"@type":"WebPage","@id":"https:\/\/www.troisboutsdeficelle.fr\/index.php\/contact-2\/","url":"https:\/\/www.troisboutsdeficelle.fr\/index.php\/contact-2\/","name":"Contact\/Adh\u00e9sion -","isPartOf":{"@id":"https:\/\/www.troisboutsdeficelle.fr\/#website"},"datePublished":"2022-08-03T20:58:14+00:00","dateModified":"2025-08-11T13:55:09+00:00","breadcrumb":{"@id":"https:\/\/www.troisboutsdeficelle.fr\/index.php\/contact-2\/#breadcrumb"},"inLanguage":"fr-FR","potentialAction":[{"@type":"ReadAction","target":["https:\/\/www.troisboutsdeficelle.fr\/index.php\/contact-2\/"]}]},{"@type":"BreadcrumbList","@id":"https:\/\/www.troisboutsdeficelle.fr\/index.php\/contact-2\/#breadcrumb","itemListElement":[{"@type":"ListItem","position":1,"name":"Accueil","item":"https:\/\/www.troisboutsdeficelle.fr\/"},{"@type":"ListItem","position":2,"name":"Contact\/Adh\u00e9sion"}]},{"@type":"WebSite","@id":"https:\/\/www.troisboutsdeficelle.fr\/#website","url":"https:\/\/www.troisboutsdeficelle.fr\/","name":"","description":"","publisher":{"@id":"https:\/\/www.troisboutsdeficelle.fr\/#organization"},"potentialAction":[{"@type":"SearchAction","target":{"@type":"EntryPoint","urlTemplate":"https:\/\/www.troisboutsdeficelle.fr\/?s={search_term_string}"},"query-input":"required name=search_term_string"}],"inLanguage":"fr-FR"},{"@type":"Organization","@id":"https:\/\/www.troisboutsdeficelle.fr\/#organization","name":"TROIS BOUTS DE FICELLE","url":"https:\/\/www.troisboutsdeficelle.fr\/","logo":{"@type":"ImageObject","inLanguage":"fr-FR","@id":"https:\/\/www.troisboutsdeficelle.fr\/#\/schema\/logo\/image\/","url":"https:\/\/www.troisboutsdeficelle.fr\/wp-content\/uploads\/2022\/07\/cropped-cropped-cropped-cropped-Logo-1.jpg","contentUrl":"https:\/\/www.troisboutsdeficelle.fr\/wp-content\/uploads\/2022\/07\/cropped-cropped-cropped-cropped-Logo-1.jpg","width":1461,"height":429,"caption":"TROIS BOUTS DE FICELLE"},"image":{"@id":"https:\/\/www.troisboutsdeficelle.fr\/#\/schema\/logo\/image\/"}}]}},"_links":{"self":[{"href":"https:\/\/www.troisboutsdeficelle.fr\/index.php\/wp-json\/wp\/v2\/pages\/388","targetHints":{"allow":["GET"]}}],"collection":[{"href":"https:\/\/www.troisboutsdeficelle.fr\/index.php\/wp-json\/wp\/v2\/pages"}],"about":[{"href":"https:\/\/www.troisboutsdeficelle.fr\/index.php\/wp-json\/wp\/v2\/types\/page"}],"author":[{"embeddable":true,"href":"https:\/\/www.troisboutsdeficelle.fr\/index.php\/wp-json\/wp\/v2\/users\/1"}],"replies":[{"embeddable":true,"href":"https:\/\/www.troisboutsdeficelle.fr\/index.php\/wp-json\/wp\/v2\/comments?post=388"}],"version-history":[{"count":58,"href":"https:\/\/www.troisboutsdeficelle.fr\/index.php\/wp-json\/wp\/v2\/pages\/388\/revisions"}],"predecessor-version":[{"id":1426,"href":"https:\/\/www.troisboutsdeficelle.fr\/index.php\/wp-json\/wp\/v2\/pages\/388\/revisions\/1426"}],"wp:attachment":[{"href":"https:\/\/www.troisboutsdeficelle.fr\/index.php\/wp-json\/wp\/v2\/media?parent=388"}],"curies":[{"name":"wp","href":"https:\/\/api.w.org\/{rel}","templated":true}]}}