{"id":171,"date":"2022-08-31T19:14:02","date_gmt":"2022-08-31T17:14:02","guid":{"rendered":"https:\/\/www.troisboutsdeficelle.fr\/?page_id=171"},"modified":"2025-08-22T16:31:06","modified_gmt":"2025-08-22T14:31:06","slug":"nos-interventions-exterieures","status":"publish","type":"page","link":"https:\/\/www.troisboutsdeficelle.fr\/index.php\/nos-interventions-exterieures\/","title":{"rendered":"Nos interventions ext\u00e9rieures"},"content":{"rendered":"<h2>Des ateliers cr\u00e9atifs dans votre structure<\/h2>\n<p>L&rsquo;association Trois bouts de ficelle peut organiser et animer des<strong> conf\u00e9rences autour de la parentalit\u00e9<\/strong> (les enfants et les \u00e9crans, l&rsquo;autonomie de l&rsquo;enfant, quelles alternatives aux punitions?&#8230;) pour des centres sociaux, sou des \u00e9coles, associations, \u00e9coles, coll\u00e8ges&#8230;<\/p>\n<p>Mais aussi des<strong> ateliers cr\u00e9atifs<\/strong> : craie, cosm\u00e9tique, objet volant non identifi\u00e9, circuit d&rsquo;eau&#8230; ou encore des<strong> spectacles<\/strong> de contes ou de magie et des s\u00e9ances maquillage.<\/p>\n<p>Vous \u00eates une structure petite enfance? Demandez notre catalogue<\/p>\n<p><a href=\"https:\/\/www.troisboutsdeficelle.fr\/index.php\/contact-2\/\">Contactez nous<\/a><\/p>\n<p><img loading=\"lazy\" decoding=\"async\" src=\"https:\/\/www.troisboutsdeficelle.fr\/wp-content\/uploads\/2022\/08\/circuit-deau-768x1024.jpg\" sizes=\"auto, (max-width: 768px) 100vw, 768px\" srcset=\"https:\/\/www.troisboutsdeficelle.fr\/wp-content\/uploads\/2022\/08\/circuit-deau-768x1024.jpg 768w, https:\/\/www.troisboutsdeficelle.fr\/wp-content\/uploads\/2022\/08\/circuit-deau-225x300.jpg 225w, https:\/\/www.troisboutsdeficelle.fr\/wp-content\/uploads\/2022\/08\/circuit-deau-1152x1536.jpg 1152w, https:\/\/www.troisboutsdeficelle.fr\/wp-content\/uploads\/2022\/08\/circuit-deau-1536x2048.jpg 1536w, https:\/\/www.troisboutsdeficelle.fr\/wp-content\/uploads\/2022\/08\/circuit-deau-scaled.jpg 1920w\" alt=\"\" width=\"768\" height=\"1024\" \/><\/p>\n","protected":false},"excerpt":{"rendered":"<p>Des ateliers cr\u00e9atifs dans votre structure L&rsquo;association Trois bouts de ficelle peut organiser et animer des conf\u00e9rences autour de la parentalit\u00e9 (les enfants et les \u00e9crans, l&rsquo;autonomie de l&rsquo;enfant, quelles alternatives aux punitions?&#8230;) pour des centres sociaux, sou des \u00e9coles, associations, \u00e9coles, coll\u00e8ges&#8230; Mais aussi des ateliers cr\u00e9atifs : craie, cosm\u00e9tique, objet volant non identifi\u00e9, [&hellip;]<\/p>\n","protected":false},"author":1,"featured_media":0,"parent":0,"menu_order":0,"comment_status":"closed","ping_status":"closed","template":"","meta":{"footnotes":""},"class_list":["post-171","page","type-page","status-publish","hentry"],"yoast_head":"<!-- This site is optimized with the Yoast SEO plugin v23.3 - https:\/\/yoast.com\/wordpress\/plugins\/seo\/ -->\n<title>Nos interventions ext\u00e9rieures -<\/title>\n<meta name=\"robots\" content=\"index, follow, max-snippet:-1, max-image-preview:large, max-video-preview:-1\" \/>\n<link rel=\"canonical\" href=\"https:\/\/www.troisboutsdeficelle.fr\/index.php\/nos-interventions-exterieures\/\" \/>\n<meta property=\"og:locale\" content=\"fr_FR\" \/>\n<meta property=\"og:type\" content=\"article\" \/>\n<meta property=\"og:title\" content=\"Nos interventions ext\u00e9rieures -\" \/>\n<meta property=\"og:description\" content=\"Des ateliers cr\u00e9atifs dans votre structure L&rsquo;association Trois bouts de ficelle peut organiser et animer des conf\u00e9rences autour de la parentalit\u00e9 (les enfants et les \u00e9crans, l&rsquo;autonomie de l&rsquo;enfant, quelles alternatives aux punitions?&#8230;) pour des centres sociaux, sou des \u00e9coles, associations, \u00e9coles, coll\u00e8ges&#8230; Mais aussi des ateliers cr\u00e9atifs : craie, cosm\u00e9tique, objet volant non identifi\u00e9, [&hellip;]\" \/>\n<meta property=\"og:url\" content=\"https:\/\/www.troisboutsdeficelle.fr\/index.php\/nos-interventions-exterieures\/\" \/>\n<meta property=\"article:modified_time\" content=\"2025-08-22T14:31:06+00:00\" \/>\n<meta property=\"og:image\" content=\"https:\/\/www.troisboutsdeficelle.fr\/wp-content\/uploads\/2022\/08\/circuit-deau-768x1024.jpg\" \/>\n<meta name=\"twitter:card\" content=\"summary_large_image\" \/>\n<meta name=\"twitter:label1\" content=\"Dur\u00e9e de lecture estim\u00e9e\" \/>\n\t<meta name=\"twitter:data1\" content=\"1 minute\" \/>\n<script type=\"application\/ld+json\" class=\"yoast-schema-graph\">{\"@context\":\"https:\/\/schema.org\",\"@graph\":[{\"@type\":\"WebPage\",\"@id\":\"https:\/\/www.troisboutsdeficelle.fr\/index.php\/nos-interventions-exterieures\/\",\"url\":\"https:\/\/www.troisboutsdeficelle.fr\/index.php\/nos-interventions-exterieures\/\",\"name\":\"Nos interventions ext\u00e9rieures -\",\"isPartOf\":{\"@id\":\"https:\/\/www.troisboutsdeficelle.fr\/#website\"},\"primaryImageOfPage\":{\"@id\":\"https:\/\/www.troisboutsdeficelle.fr\/index.php\/nos-interventions-exterieures\/#primaryimage\"},\"image\":{\"@id\":\"https:\/\/www.troisboutsdeficelle.fr\/index.php\/nos-interventions-exterieures\/#primaryimage\"},\"thumbnailUrl\":\"https:\/\/www.troisboutsdeficelle.fr\/wp-content\/uploads\/2022\/08\/circuit-deau-768x1024.jpg\",\"datePublished\":\"2022-08-31T17:14:02+00:00\",\"dateModified\":\"2025-08-22T14:31:06+00:00\",\"breadcrumb\":{\"@id\":\"https:\/\/www.troisboutsdeficelle.fr\/index.php\/nos-interventions-exterieures\/#breadcrumb\"},\"inLanguage\":\"fr-FR\",\"potentialAction\":[{\"@type\":\"ReadAction\",\"target\":[\"https:\/\/www.troisboutsdeficelle.fr\/index.php\/nos-interventions-exterieures\/\"]}]},{\"@type\":\"ImageObject\",\"inLanguage\":\"fr-FR\",\"@id\":\"https:\/\/www.troisboutsdeficelle.fr\/index.php\/nos-interventions-exterieures\/#primaryimage\",\"url\":\"https:\/\/www.troisboutsdeficelle.fr\/wp-content\/uploads\/2022\/08\/circuit-deau-scaled.jpg\",\"contentUrl\":\"https:\/\/www.troisboutsdeficelle.fr\/wp-content\/uploads\/2022\/08\/circuit-deau-scaled.jpg\",\"width\":1920,\"height\":2560},{\"@type\":\"BreadcrumbList\",\"@id\":\"https:\/\/www.troisboutsdeficelle.fr\/index.php\/nos-interventions-exterieures\/#breadcrumb\",\"itemListElement\":[{\"@type\":\"ListItem\",\"position\":1,\"name\":\"Accueil\",\"item\":\"https:\/\/www.troisboutsdeficelle.fr\/\"},{\"@type\":\"ListItem\",\"position\":2,\"name\":\"Nos interventions ext\u00e9rieures\"}]},{\"@type\":\"WebSite\",\"@id\":\"https:\/\/www.troisboutsdeficelle.fr\/#website\",\"url\":\"https:\/\/www.troisboutsdeficelle.fr\/\",\"name\":\"\",\"description\":\"\",\"publisher\":{\"@id\":\"https:\/\/www.troisboutsdeficelle.fr\/#organization\"},\"potentialAction\":[{\"@type\":\"SearchAction\",\"target\":{\"@type\":\"EntryPoint\",\"urlTemplate\":\"https:\/\/www.troisboutsdeficelle.fr\/?s={search_term_string}\"},\"query-input\":\"required name=search_term_string\"}],\"inLanguage\":\"fr-FR\"},{\"@type\":\"Organization\",\"@id\":\"https:\/\/www.troisboutsdeficelle.fr\/#organization\",\"name\":\"TROIS BOUTS DE FICELLE\",\"url\":\"https:\/\/www.troisboutsdeficelle.fr\/\",\"logo\":{\"@type\":\"ImageObject\",\"inLanguage\":\"fr-FR\",\"@id\":\"https:\/\/www.troisboutsdeficelle.fr\/#\/schema\/logo\/image\/\",\"url\":\"https:\/\/www.troisboutsdeficelle.fr\/wp-content\/uploads\/2022\/07\/cropped-cropped-cropped-cropped-Logo-1.jpg\",\"contentUrl\":\"https:\/\/www.troisboutsdeficelle.fr\/wp-content\/uploads\/2022\/07\/cropped-cropped-cropped-cropped-Logo-1.jpg\",\"width\":1461,\"height\":429,\"caption\":\"TROIS BOUTS DE FICELLE\"},\"image\":{\"@id\":\"https:\/\/www.troisboutsdeficelle.fr\/#\/schema\/logo\/image\/\"}}]}<\/script>\n<!-- \/ Yoast SEO plugin. -->","yoast_head_json":{"title":"Nos interventions ext\u00e9rieures -","robots":{"index":"index","follow":"follow","max-snippet":"max-snippet:-1","max-image-preview":"max-image-preview:large","max-video-preview":"max-video-preview:-1"},"canonical":"https:\/\/www.troisboutsdeficelle.fr\/index.php\/nos-interventions-exterieures\/","og_locale":"fr_FR","og_type":"article","og_title":"Nos interventions ext\u00e9rieures -","og_description":"Des ateliers cr\u00e9atifs dans votre structure L&rsquo;association Trois bouts de ficelle peut organiser et animer des conf\u00e9rences autour de la parentalit\u00e9 (les enfants et les \u00e9crans, l&rsquo;autonomie de l&rsquo;enfant, quelles alternatives aux punitions?&#8230;) pour des centres sociaux, sou des \u00e9coles, associations, \u00e9coles, coll\u00e8ges&#8230; Mais aussi des ateliers cr\u00e9atifs : craie, cosm\u00e9tique, objet volant non identifi\u00e9, [&hellip;]","og_url":"https:\/\/www.troisboutsdeficelle.fr\/index.php\/nos-interventions-exterieures\/","article_modified_time":"2025-08-22T14:31:06+00:00","og_image":[{"url":"https:\/\/www.troisboutsdeficelle.fr\/wp-content\/uploads\/2022\/08\/circuit-deau-768x1024.jpg"}],"twitter_card":"summary_large_image","twitter_misc":{"Dur\u00e9e de lecture estim\u00e9e":"1 minute"},"schema":{"@context":"https:\/\/schema.org","@graph":[{"@type":"WebPage","@id":"https:\/\/www.troisboutsdeficelle.fr\/index.php\/nos-interventions-exterieures\/","url":"https:\/\/www.troisboutsdeficelle.fr\/index.php\/nos-interventions-exterieures\/","name":"Nos interventions ext\u00e9rieures -","isPartOf":{"@id":"https:\/\/www.troisboutsdeficelle.fr\/#website"},"primaryImageOfPage":{"@id":"https:\/\/www.troisboutsdeficelle.fr\/index.php\/nos-interventions-exterieures\/#primaryimage"},"image":{"@id":"https:\/\/www.troisboutsdeficelle.fr\/index.php\/nos-interventions-exterieures\/#primaryimage"},"thumbnailUrl":"https:\/\/www.troisboutsdeficelle.fr\/wp-content\/uploads\/2022\/08\/circuit-deau-768x1024.jpg","datePublished":"2022-08-31T17:14:02+00:00","dateModified":"2025-08-22T14:31:06+00:00","breadcrumb":{"@id":"https:\/\/www.troisboutsdeficelle.fr\/index.php\/nos-interventions-exterieures\/#breadcrumb"},"inLanguage":"fr-FR","potentialAction":[{"@type":"ReadAction","target":["https:\/\/www.troisboutsdeficelle.fr\/index.php\/nos-interventions-exterieures\/"]}]},{"@type":"ImageObject","inLanguage":"fr-FR","@id":"https:\/\/www.troisboutsdeficelle.fr\/index.php\/nos-interventions-exterieures\/#primaryimage","url":"https:\/\/www.troisboutsdeficelle.fr\/wp-content\/uploads\/2022\/08\/circuit-deau-scaled.jpg","contentUrl":"https:\/\/www.troisboutsdeficelle.fr\/wp-content\/uploads\/2022\/08\/circuit-deau-scaled.jpg","width":1920,"height":2560},{"@type":"BreadcrumbList","@id":"https:\/\/www.troisboutsdeficelle.fr\/index.php\/nos-interventions-exterieures\/#breadcrumb","itemListElement":[{"@type":"ListItem","position":1,"name":"Accueil","item":"https:\/\/www.troisboutsdeficelle.fr\/"},{"@type":"ListItem","position":2,"name":"Nos interventions ext\u00e9rieures"}]},{"@type":"WebSite","@id":"https:\/\/www.troisboutsdeficelle.fr\/#website","url":"https:\/\/www.troisboutsdeficelle.fr\/","name":"","description":"","publisher":{"@id":"https:\/\/www.troisboutsdeficelle.fr\/#organization"},"potentialAction":[{"@type":"SearchAction","target":{"@type":"EntryPoint","urlTemplate":"https:\/\/www.troisboutsdeficelle.fr\/?s={search_term_string}"},"query-input":"required name=search_term_string"}],"inLanguage":"fr-FR"},{"@type":"Organization","@id":"https:\/\/www.troisboutsdeficelle.fr\/#organization","name":"TROIS BOUTS DE FICELLE","url":"https:\/\/www.troisboutsdeficelle.fr\/","logo":{"@type":"ImageObject","inLanguage":"fr-FR","@id":"https:\/\/www.troisboutsdeficelle.fr\/#\/schema\/logo\/image\/","url":"https:\/\/www.troisboutsdeficelle.fr\/wp-content\/uploads\/2022\/07\/cropped-cropped-cropped-cropped-Logo-1.jpg","contentUrl":"https:\/\/www.troisboutsdeficelle.fr\/wp-content\/uploads\/2022\/07\/cropped-cropped-cropped-cropped-Logo-1.jpg","width":1461,"height":429,"caption":"TROIS BOUTS DE FICELLE"},"image":{"@id":"https:\/\/www.troisboutsdeficelle.fr\/#\/schema\/logo\/image\/"}}]}},"_links":{"self":[{"href":"https:\/\/www.troisboutsdeficelle.fr\/index.php\/wp-json\/wp\/v2\/pages\/171","targetHints":{"allow":["GET"]}}],"collection":[{"href":"https:\/\/www.troisboutsdeficelle.fr\/index.php\/wp-json\/wp\/v2\/pages"}],"about":[{"href":"https:\/\/www.troisboutsdeficelle.fr\/index.php\/wp-json\/wp\/v2\/types\/page"}],"author":[{"embeddable":true,"href":"https:\/\/www.troisboutsdeficelle.fr\/index.php\/wp-json\/wp\/v2\/users\/1"}],"replies":[{"embeddable":true,"href":"https:\/\/www.troisboutsdeficelle.fr\/index.php\/wp-json\/wp\/v2\/comments?post=171"}],"version-history":[{"count":27,"href":"https:\/\/www.troisboutsdeficelle.fr\/index.php\/wp-json\/wp\/v2\/pages\/171\/revisions"}],"predecessor-version":[{"id":1462,"href":"https:\/\/www.troisboutsdeficelle.fr\/index.php\/wp-json\/wp\/v2\/pages\/171\/revisions\/1462"}],"wp:attachment":[{"href":"https:\/\/www.troisboutsdeficelle.fr\/index.php\/wp-json\/wp\/v2\/media?parent=171"}],"curies":[{"name":"wp","href":"https:\/\/api.w.org\/{rel}","templated":true}]}}