{"id":132,"date":"2022-08-03T21:56:58","date_gmt":"2022-08-03T19:56:58","guid":{"rendered":"https:\/\/www.troisboutsdeficelle.fr\/?page_id=132"},"modified":"2025-08-22T16:40:10","modified_gmt":"2025-08-22T14:40:10","slug":"environnement","status":"publish","type":"page","link":"https:\/\/www.troisboutsdeficelle.fr\/index.php\/environnement\/","title":{"rendered":"Environnement"},"content":{"rendered":"\t\t<div data-elementor-type=\"wp-page\" data-elementor-id=\"132\" class=\"elementor elementor-132\">\n\t\t\t\t\t\t\t\t\t<section class=\"elementor-section elementor-top-section elementor-element elementor-element-6fe72ee elementor-section-boxed elementor-section-height-default elementor-section-height-default\" data-id=\"6fe72ee\" data-element_type=\"section\">\n\t\t\t\t\t\t<div class=\"elementor-container elementor-column-gap-default\">\n\t\t\t\t\t<div class=\"elementor-column elementor-col-100 elementor-top-column elementor-element elementor-element-6c34ccd\" data-id=\"6c34ccd\" data-element_type=\"column\">\n\t\t\t<div class=\"elementor-widget-wrap elementor-element-populated\">\n\t\t\t\t\t\t\t\t<div class=\"elementor-element elementor-element-f841a52 elementor-widget elementor-widget-heading\" data-id=\"f841a52\" data-element_type=\"widget\" data-widget_type=\"heading.default\">\n\t\t\t\t<div class=\"elementor-widget-container\">\n\t\t\t<style>\/*! elementor - v3.13.1 - 09-05-2023 *\/\n.elementor-heading-title{padding:0;margin:0;line-height:1}.elementor-widget-heading .elementor-heading-title[class*=elementor-size-]>a{color:inherit;font-size:inherit;line-height:inherit}.elementor-widget-heading .elementor-heading-title.elementor-size-small{font-size:15px}.elementor-widget-heading .elementor-heading-title.elementor-size-medium{font-size:19px}.elementor-widget-heading .elementor-heading-title.elementor-size-large{font-size:29px}.elementor-widget-heading .elementor-heading-title.elementor-size-xl{font-size:39px}.elementor-widget-heading .elementor-heading-title.elementor-size-xxl{font-size:59px}<\/style><h2 class=\"elementor-heading-title elementor-size-default\">Sorties nature en famille<\/h2>\t\t<\/div>\n\t\t\t\t<\/div>\n\t\t\t\t\t<\/div>\n\t\t<\/div>\n\t\t\t\t\t\t\t<\/div>\n\t\t<\/section>\n\t\t\t\t<section class=\"elementor-section elementor-top-section elementor-element elementor-element-26add24 elementor-section-boxed elementor-section-height-default elementor-section-height-default\" data-id=\"26add24\" data-element_type=\"section\">\n\t\t\t\t\t\t<div class=\"elementor-container elementor-column-gap-default\">\n\t\t\t\t\t<div class=\"elementor-column elementor-col-100 elementor-top-column elementor-element elementor-element-1c03e2c\" data-id=\"1c03e2c\" data-element_type=\"column\">\n\t\t\t<div class=\"elementor-widget-wrap elementor-element-populated\">\n\t\t\t\t\t\t\t\t<div class=\"elementor-element elementor-element-e6aaf3d elementor-widget elementor-widget-image\" data-id=\"e6aaf3d\" data-element_type=\"widget\" data-widget_type=\"image.default\">\n\t\t\t\t<div class=\"elementor-widget-container\">\n\t\t\t<style>\/*! elementor - v3.13.1 - 09-05-2023 *\/\n.elementor-widget-image{text-align:center}.elementor-widget-image a{display:inline-block}.elementor-widget-image a img[src$=\".svg\"]{width:48px}.elementor-widget-image img{vertical-align:middle;display:inline-block}<\/style>\t\t\t\t\t\t\t\t\t\t\t\t<img loading=\"lazy\" decoding=\"async\" width=\"812\" height=\"609\" src=\"https:\/\/www.troisboutsdeficelle.fr\/wp-content\/uploads\/2022\/08\/20220507_154847-1024x768.jpg\" class=\"attachment-large size-large wp-image-448\" alt=\"\" srcset=\"https:\/\/www.troisboutsdeficelle.fr\/wp-content\/uploads\/2022\/08\/20220507_154847-1024x768.jpg 1024w, https:\/\/www.troisboutsdeficelle.fr\/wp-content\/uploads\/2022\/08\/20220507_154847-300x225.jpg 300w, https:\/\/www.troisboutsdeficelle.fr\/wp-content\/uploads\/2022\/08\/20220507_154847-768x576.jpg 768w, https:\/\/www.troisboutsdeficelle.fr\/wp-content\/uploads\/2022\/08\/20220507_154847-1536x1152.jpg 1536w, https:\/\/www.troisboutsdeficelle.fr\/wp-content\/uploads\/2022\/08\/20220507_154847-2048x1536.jpg 2048w\" sizes=\"auto, (max-width: 812px) 100vw, 812px\" \/>\t\t\t\t\t\t\t\t\t\t\t\t\t\t\t<\/div>\n\t\t\t\t<\/div>\n\t\t\t\t\t<\/div>\n\t\t<\/div>\n\t\t\t\t\t\t\t<\/div>\n\t\t<\/section>\n\t\t\t\t<section class=\"elementor-section elementor-top-section elementor-element elementor-element-54a22d6 elementor-section-boxed elementor-section-height-default elementor-section-height-default\" data-id=\"54a22d6\" data-element_type=\"section\">\n\t\t\t\t\t\t<div class=\"elementor-container elementor-column-gap-default\">\n\t\t\t\t\t<div class=\"elementor-column elementor-col-100 elementor-top-column elementor-element elementor-element-a1f0558\" data-id=\"a1f0558\" data-element_type=\"column\">\n\t\t\t<div class=\"elementor-widget-wrap elementor-element-populated\">\n\t\t\t\t\t\t\t\t<div class=\"elementor-element elementor-element-58362d5 elementor-widget elementor-widget-text-editor\" data-id=\"58362d5\" data-element_type=\"widget\" data-widget_type=\"text-editor.default\">\n\t\t\t\t<div class=\"elementor-widget-container\">\n\t\t\t<style>\/*! elementor - v3.13.1 - 09-05-2023 *\/\n.elementor-widget-text-editor.elementor-drop-cap-view-stacked .elementor-drop-cap{background-color:#69727d;color:#fff}.elementor-widget-text-editor.elementor-drop-cap-view-framed .elementor-drop-cap{color:#69727d;border:3px solid;background-color:transparent}.elementor-widget-text-editor:not(.elementor-drop-cap-view-default) .elementor-drop-cap{margin-top:8px}.elementor-widget-text-editor:not(.elementor-drop-cap-view-default) .elementor-drop-cap-letter{width:1em;height:1em}.elementor-widget-text-editor .elementor-drop-cap{float:left;text-align:center;line-height:1;font-size:50px}.elementor-widget-text-editor .elementor-drop-cap-letter{display:inline-block}<\/style>\t\t\t\t<p>C\u00e9cile Paris, paysagiste vous propose une sortie familiale pour d\u00e9couvrir quelques plantes sauvages comestibles de notre r\u00e9gion.<\/p><p>Au programme : Devinettes, Quizz et d\u00e9gustation !<\/p><p>Date et lieu \u00e0 pr\u00e9ciser<\/p><p>\u00a0Inscription: troisboutsdeficellebj@gmail.com<\/p>\t\t\t\t\t\t<\/div>\n\t\t\t\t<\/div>\n\t\t\t\t\t<\/div>\n\t\t<\/div>\n\t\t\t\t\t\t\t<\/div>\n\t\t<\/section>\n\t\t\t\t<section class=\"elementor-section elementor-top-section elementor-element elementor-element-82c494d elementor-section-boxed elementor-section-height-default elementor-section-height-default\" data-id=\"82c494d\" data-element_type=\"section\">\n\t\t\t\t\t\t<div class=\"elementor-container elementor-column-gap-default\">\n\t\t\t\t\t<div class=\"elementor-column elementor-col-100 elementor-top-column elementor-element elementor-element-e6bc505\" data-id=\"e6bc505\" data-element_type=\"column\">\n\t\t\t<div class=\"elementor-widget-wrap elementor-element-populated\">\n\t\t\t\t\t\t\t\t<div class=\"elementor-element elementor-element-2066319 elementor-widget elementor-widget-heading\" data-id=\"2066319\" data-element_type=\"widget\" data-widget_type=\"heading.default\">\n\t\t\t\t<div class=\"elementor-widget-container\">\n\t\t\t<h1 class=\"elementor-heading-title elementor-size-default\">Testez et fabriquez le Solar cycle<\/h1>\t\t<\/div>\n\t\t\t\t<\/div>\n\t\t\t\t\t<\/div>\n\t\t<\/div>\n\t\t\t\t\t\t\t<\/div>\n\t\t<\/section>\n\t\t\t\t<section class=\"elementor-section elementor-top-section elementor-element elementor-element-66f8700 elementor-section-boxed elementor-section-height-default elementor-section-height-default\" data-id=\"66f8700\" data-element_type=\"section\">\n\t\t\t\t\t\t<div class=\"elementor-container elementor-column-gap-default\">\n\t\t\t\t\t<div class=\"elementor-column elementor-col-50 elementor-top-column elementor-element elementor-element-fbd70af\" data-id=\"fbd70af\" data-element_type=\"column\">\n\t\t\t<div class=\"elementor-widget-wrap elementor-element-populated\">\n\t\t\t\t\t\t\t\t<div class=\"elementor-element elementor-element-814c3b8 elementor-widget elementor-widget-text-editor\" data-id=\"814c3b8\" data-element_type=\"widget\" data-widget_type=\"text-editor.default\">\n\t\t\t\t<div class=\"elementor-widget-container\">\n\t\t\t\t\t\t\t<p style=\"font-size: 14.4px; font-style: normal; font-weight: 400;\"><span style=\"color: #000000;\">En tant qu\u2019adh\u00e9rent, vous pouvez emprunter notre cuiseur solaire, le Solar Cycle. L\u2019 occasion de tester \u00e0 la maison ce mode de cuisson \u00e9colo et id\u00e9al en p\u00e9riode de canicule.<\/span><\/p><p style=\"font-size: 14.4px; font-style: normal; font-weight: 400;\"><span style=\"color: #000000;\">Des ateliers de fabrication peuvent \u00eatre organis\u00e9s avec l\u2019inventeur du Solar Cycle, enti\u00e8rement con\u00e7u avec des pi\u00e8ces de r\u00e9cup et une roue de v\u00e9lo.\u00a0\u00a0<\/span><\/p><p style=\"font-size: 14.4px; font-style: normal; font-weight: 400;\"><span style=\"color: #000000;\">Contactez nous<\/span><\/p>\t\t\t\t\t\t<\/div>\n\t\t\t\t<\/div>\n\t\t\t\t\t<\/div>\n\t\t<\/div>\n\t\t\t\t<div class=\"elementor-column elementor-col-50 elementor-top-column elementor-element elementor-element-7a106fc\" data-id=\"7a106fc\" data-element_type=\"column\">\n\t\t\t<div class=\"elementor-widget-wrap elementor-element-populated\">\n\t\t\t\t\t\t\t\t<div class=\"elementor-element elementor-element-6e70968 elementor-widget elementor-widget-image\" data-id=\"6e70968\" data-element_type=\"widget\" data-widget_type=\"image.default\">\n\t\t\t\t<div class=\"elementor-widget-container\">\n\t\t\t\t\t\t\t\t\t\t\t\t\t\t\t<img loading=\"lazy\" decoding=\"async\" width=\"812\" height=\"540\" src=\"https:\/\/www.troisboutsdeficelle.fr\/wp-content\/uploads\/2022\/08\/ENVIRONNEMENT-Cuiseur-solaire-1024x681.jpg\" class=\"attachment-large size-large wp-image-475\" alt=\"\" srcset=\"https:\/\/www.troisboutsdeficelle.fr\/wp-content\/uploads\/2022\/08\/ENVIRONNEMENT-Cuiseur-solaire-1024x681.jpg 1024w, https:\/\/www.troisboutsdeficelle.fr\/wp-content\/uploads\/2022\/08\/ENVIRONNEMENT-Cuiseur-solaire-300x199.jpg 300w, https:\/\/www.troisboutsdeficelle.fr\/wp-content\/uploads\/2022\/08\/ENVIRONNEMENT-Cuiseur-solaire-768x511.jpg 768w, https:\/\/www.troisboutsdeficelle.fr\/wp-content\/uploads\/2022\/08\/ENVIRONNEMENT-Cuiseur-solaire-1536x1021.jpg 1536w, https:\/\/www.troisboutsdeficelle.fr\/wp-content\/uploads\/2022\/08\/ENVIRONNEMENT-Cuiseur-solaire-2048x1362.jpg 2048w\" sizes=\"auto, (max-width: 812px) 100vw, 812px\" \/>\t\t\t\t\t\t\t\t\t\t\t\t\t\t\t<\/div>\n\t\t\t\t<\/div>\n\t\t\t\t\t<\/div>\n\t\t<\/div>\n\t\t\t\t\t\t\t<\/div>\n\t\t<\/section>\n\t\t\t\t<section class=\"elementor-section elementor-top-section elementor-element elementor-element-b84dc6f elementor-section-boxed elementor-section-height-default elementor-section-height-default\" data-id=\"b84dc6f\" data-element_type=\"section\">\n\t\t\t\t\t\t<div class=\"elementor-container elementor-column-gap-default\">\n\t\t\t\t\t<div class=\"elementor-column elementor-col-100 elementor-top-column elementor-element elementor-element-9c96166\" data-id=\"9c96166\" data-element_type=\"column\">\n\t\t\t<div class=\"elementor-widget-wrap elementor-element-populated\">\n\t\t\t\t\t\t\t\t<div class=\"elementor-element elementor-element-2c61892 elementor-widget elementor-widget-heading\" data-id=\"2c61892\" data-element_type=\"widget\" data-widget_type=\"heading.default\">\n\t\t\t\t<div class=\"elementor-widget-container\">\n\t\t\t<h1 class=\"elementor-heading-title elementor-size-default\">Recyclage des stylos<\/h1>\t\t<\/div>\n\t\t\t\t<\/div>\n\t\t\t\t\t<\/div>\n\t\t<\/div>\n\t\t\t\t\t\t\t<\/div>\n\t\t<\/section>\n\t\t\t\t<section class=\"elementor-section elementor-top-section elementor-element elementor-element-eb9a659 elementor-section-boxed elementor-section-height-default elementor-section-height-default\" data-id=\"eb9a659\" data-element_type=\"section\">\n\t\t\t\t\t\t<div class=\"elementor-container elementor-column-gap-default\">\n\t\t\t\t\t<div class=\"elementor-column elementor-col-50 elementor-top-column elementor-element elementor-element-96fa15c\" data-id=\"96fa15c\" data-element_type=\"column\">\n\t\t\t<div class=\"elementor-widget-wrap elementor-element-populated\">\n\t\t\t\t\t\t\t\t<div class=\"elementor-element elementor-element-e410221 elementor-widget elementor-widget-image\" data-id=\"e410221\" data-element_type=\"widget\" data-widget_type=\"image.default\">\n\t\t\t\t<div class=\"elementor-widget-container\">\n\t\t\t\t\t\t\t\t\t\t\t\t\t\t\t<img loading=\"lazy\" decoding=\"async\" width=\"686\" height=\"972\" src=\"https:\/\/www.troisboutsdeficelle.fr\/wp-content\/uploads\/2022\/08\/Capture-decran-2022-07-31-223848.jpg\" class=\"attachment-large size-large wp-image-478\" alt=\"\" srcset=\"https:\/\/www.troisboutsdeficelle.fr\/wp-content\/uploads\/2022\/08\/Capture-decran-2022-07-31-223848.jpg 686w, https:\/\/www.troisboutsdeficelle.fr\/wp-content\/uploads\/2022\/08\/Capture-decran-2022-07-31-223848-212x300.jpg 212w\" sizes=\"auto, (max-width: 686px) 100vw, 686px\" \/>\t\t\t\t\t\t\t\t\t\t\t\t\t\t\t<\/div>\n\t\t\t\t<\/div>\n\t\t\t\t\t<\/div>\n\t\t<\/div>\n\t\t\t\t<div class=\"elementor-column elementor-col-50 elementor-top-column elementor-element elementor-element-383e448\" data-id=\"383e448\" data-element_type=\"column\">\n\t\t\t<div class=\"elementor-widget-wrap elementor-element-populated\">\n\t\t\t\t\t\t\t\t<div class=\"elementor-element elementor-element-e6ea07e elementor-widget elementor-widget-text-editor\" data-id=\"e6ea07e\" data-element_type=\"widget\" data-widget_type=\"text-editor.default\">\n\t\t\t\t<div class=\"elementor-widget-container\">\n\t\t\t\t\t\t\t<p style=\"font-size: 14.4px; font-style: normal; font-weight: 400;\"><span style=\"color: #000000;\">L\u2019association r\u00e9cup\u00e8re les stylos, feutres, stabilos usag\u00e9s&#8230; <br \/><\/span><\/p><p style=\"font-size: 14.4px; font-style: normal; font-weight: 400;\"><span style=\"color: #000000;\">Vous pouvez les d\u00e9poser dans le hall d&rsquo;<strong><a href=\"https:\/\/www.etcolegram.fr\/\">Et col\u00e9gram<\/a>, <\/strong>passage Dolbeau ou \u00e0 l&rsquo;\u00e9picerie participative <a href=\"https:\/\/coopcinelles.fr\/\"><strong>Coop&rsquo;cinelles<\/strong><\/a> 10 rue de la R\u00e9publique, \u00e0 Bourgoin-Jallieu.<br \/><\/span><\/p><p>Ou \u00e0 la <strong>Maison des associations de la Grive, 29 rue du Martin P\u00eacheur <\/strong>dans le carton pr\u00e9vu \u00e0 cet effet.<\/p><p style=\"font-size: 14.4px; font-style: normal; font-weight: 400;\"><span style=\"color: #000000;\">Ces d\u00e9chets sont envoy\u00e9s \u00e0 un organisme qui recycle la mati\u00e8re plastique pour en faire du mobilier urbain comme des bancs et des tables.<\/span><\/p><p style=\"font-size: 14.4px; font-style: normal; font-weight: 400;\"><span style=\"color: #000000;\">Si vous souhaitez soutenir cette action, d\u00e9posez une bo\u00eete dans votre entreprise, \u00e9cole, coll\u00e8ge, magasin, cabinet m\u00e9dical&#8230;<\/span><\/p><p>Merci !<\/p>\t\t\t\t\t\t<\/div>\n\t\t\t\t<\/div>\n\t\t\t\t\t<\/div>\n\t\t<\/div>\n\t\t\t\t\t\t\t<\/div>\n\t\t<\/section>\n\t\t\t\t\t\t\t<\/div>\n\t\t","protected":false},"excerpt":{"rendered":"<p>Sorties nature en famille C\u00e9cile Paris, paysagiste vous propose une sortie familiale pour d\u00e9couvrir quelques plantes sauvages comestibles de notre r\u00e9gion. Au programme : Devinettes, Quizz et d\u00e9gustation ! Date et lieu \u00e0 pr\u00e9ciser \u00a0Inscription: troisboutsdeficellebj@gmail.com Testez et fabriquez le Solar cycle En tant qu\u2019adh\u00e9rent, vous pouvez emprunter notre cuiseur solaire, le Solar Cycle. L\u2019 [&hellip;]<\/p>\n","protected":false},"author":1,"featured_media":0,"parent":0,"menu_order":0,"comment_status":"open","ping_status":"closed","template":"","meta":{"footnotes":""},"class_list":["post-132","page","type-page","status-publish","hentry"],"yoast_head":"<!-- This site is optimized with the Yoast SEO plugin v23.3 - https:\/\/yoast.com\/wordpress\/plugins\/seo\/ -->\n<title>Environnement -<\/title>\n<meta name=\"robots\" content=\"index, follow, max-snippet:-1, max-image-preview:large, max-video-preview:-1\" \/>\n<link rel=\"canonical\" href=\"https:\/\/www.troisboutsdeficelle.fr\/index.php\/environnement\/\" \/>\n<meta property=\"og:locale\" content=\"fr_FR\" \/>\n<meta property=\"og:type\" content=\"article\" \/>\n<meta property=\"og:title\" content=\"Environnement -\" \/>\n<meta property=\"og:description\" content=\"Sorties nature en famille C\u00e9cile Paris, paysagiste vous propose une sortie familiale pour d\u00e9couvrir quelques plantes sauvages comestibles de notre r\u00e9gion. Au programme : Devinettes, Quizz et d\u00e9gustation ! Date et lieu \u00e0 pr\u00e9ciser \u00a0Inscription: troisboutsdeficellebj@gmail.com Testez et fabriquez le Solar cycle En tant qu\u2019adh\u00e9rent, vous pouvez emprunter notre cuiseur solaire, le Solar Cycle. L\u2019 [&hellip;]\" \/>\n<meta property=\"og:url\" content=\"https:\/\/www.troisboutsdeficelle.fr\/index.php\/environnement\/\" \/>\n<meta property=\"article:modified_time\" content=\"2025-08-22T14:40:10+00:00\" \/>\n<meta property=\"og:image\" content=\"https:\/\/www.troisboutsdeficelle.fr\/wp-content\/uploads\/2022\/08\/20220507_154847-1024x768.jpg\" \/>\n<meta name=\"twitter:card\" content=\"summary_large_image\" \/>\n<meta name=\"twitter:label1\" content=\"Dur\u00e9e de lecture estim\u00e9e\" \/>\n\t<meta name=\"twitter:data1\" content=\"2 minutes\" \/>\n<script type=\"application\/ld+json\" class=\"yoast-schema-graph\">{\"@context\":\"https:\/\/schema.org\",\"@graph\":[{\"@type\":\"WebPage\",\"@id\":\"https:\/\/www.troisboutsdeficelle.fr\/index.php\/environnement\/\",\"url\":\"https:\/\/www.troisboutsdeficelle.fr\/index.php\/environnement\/\",\"name\":\"Environnement -\",\"isPartOf\":{\"@id\":\"https:\/\/www.troisboutsdeficelle.fr\/#website\"},\"primaryImageOfPage\":{\"@id\":\"https:\/\/www.troisboutsdeficelle.fr\/index.php\/environnement\/#primaryimage\"},\"image\":{\"@id\":\"https:\/\/www.troisboutsdeficelle.fr\/index.php\/environnement\/#primaryimage\"},\"thumbnailUrl\":\"https:\/\/www.troisboutsdeficelle.fr\/wp-content\/uploads\/2022\/08\/20220507_154847-1024x768.jpg\",\"datePublished\":\"2022-08-03T19:56:58+00:00\",\"dateModified\":\"2025-08-22T14:40:10+00:00\",\"breadcrumb\":{\"@id\":\"https:\/\/www.troisboutsdeficelle.fr\/index.php\/environnement\/#breadcrumb\"},\"inLanguage\":\"fr-FR\",\"potentialAction\":[{\"@type\":\"ReadAction\",\"target\":[\"https:\/\/www.troisboutsdeficelle.fr\/index.php\/environnement\/\"]}]},{\"@type\":\"ImageObject\",\"inLanguage\":\"fr-FR\",\"@id\":\"https:\/\/www.troisboutsdeficelle.fr\/index.php\/environnement\/#primaryimage\",\"url\":\"https:\/\/www.troisboutsdeficelle.fr\/wp-content\/uploads\/2022\/08\/20220507_154847-scaled.jpg\",\"contentUrl\":\"https:\/\/www.troisboutsdeficelle.fr\/wp-content\/uploads\/2022\/08\/20220507_154847-scaled.jpg\",\"width\":2560,\"height\":1920},{\"@type\":\"BreadcrumbList\",\"@id\":\"https:\/\/www.troisboutsdeficelle.fr\/index.php\/environnement\/#breadcrumb\",\"itemListElement\":[{\"@type\":\"ListItem\",\"position\":1,\"name\":\"Accueil\",\"item\":\"https:\/\/www.troisboutsdeficelle.fr\/\"},{\"@type\":\"ListItem\",\"position\":2,\"name\":\"Environnement\"}]},{\"@type\":\"WebSite\",\"@id\":\"https:\/\/www.troisboutsdeficelle.fr\/#website\",\"url\":\"https:\/\/www.troisboutsdeficelle.fr\/\",\"name\":\"\",\"description\":\"\",\"publisher\":{\"@id\":\"https:\/\/www.troisboutsdeficelle.fr\/#organization\"},\"potentialAction\":[{\"@type\":\"SearchAction\",\"target\":{\"@type\":\"EntryPoint\",\"urlTemplate\":\"https:\/\/www.troisboutsdeficelle.fr\/?s={search_term_string}\"},\"query-input\":\"required name=search_term_string\"}],\"inLanguage\":\"fr-FR\"},{\"@type\":\"Organization\",\"@id\":\"https:\/\/www.troisboutsdeficelle.fr\/#organization\",\"name\":\"TROIS BOUTS DE FICELLE\",\"url\":\"https:\/\/www.troisboutsdeficelle.fr\/\",\"logo\":{\"@type\":\"ImageObject\",\"inLanguage\":\"fr-FR\",\"@id\":\"https:\/\/www.troisboutsdeficelle.fr\/#\/schema\/logo\/image\/\",\"url\":\"https:\/\/www.troisboutsdeficelle.fr\/wp-content\/uploads\/2022\/07\/cropped-cropped-cropped-cropped-Logo-1.jpg\",\"contentUrl\":\"https:\/\/www.troisboutsdeficelle.fr\/wp-content\/uploads\/2022\/07\/cropped-cropped-cropped-cropped-Logo-1.jpg\",\"width\":1461,\"height\":429,\"caption\":\"TROIS BOUTS DE FICELLE\"},\"image\":{\"@id\":\"https:\/\/www.troisboutsdeficelle.fr\/#\/schema\/logo\/image\/\"}}]}<\/script>\n<!-- \/ Yoast SEO plugin. -->","yoast_head_json":{"title":"Environnement -","robots":{"index":"index","follow":"follow","max-snippet":"max-snippet:-1","max-image-preview":"max-image-preview:large","max-video-preview":"max-video-preview:-1"},"canonical":"https:\/\/www.troisboutsdeficelle.fr\/index.php\/environnement\/","og_locale":"fr_FR","og_type":"article","og_title":"Environnement -","og_description":"Sorties nature en famille C\u00e9cile Paris, paysagiste vous propose une sortie familiale pour d\u00e9couvrir quelques plantes sauvages comestibles de notre r\u00e9gion. Au programme : Devinettes, Quizz et d\u00e9gustation ! Date et lieu \u00e0 pr\u00e9ciser \u00a0Inscription: troisboutsdeficellebj@gmail.com Testez et fabriquez le Solar cycle En tant qu\u2019adh\u00e9rent, vous pouvez emprunter notre cuiseur solaire, le Solar Cycle. L\u2019 [&hellip;]","og_url":"https:\/\/www.troisboutsdeficelle.fr\/index.php\/environnement\/","article_modified_time":"2025-08-22T14:40:10+00:00","og_image":[{"url":"https:\/\/www.troisboutsdeficelle.fr\/wp-content\/uploads\/2022\/08\/20220507_154847-1024x768.jpg"}],"twitter_card":"summary_large_image","twitter_misc":{"Dur\u00e9e de lecture estim\u00e9e":"2 minutes"},"schema":{"@context":"https:\/\/schema.org","@graph":[{"@type":"WebPage","@id":"https:\/\/www.troisboutsdeficelle.fr\/index.php\/environnement\/","url":"https:\/\/www.troisboutsdeficelle.fr\/index.php\/environnement\/","name":"Environnement -","isPartOf":{"@id":"https:\/\/www.troisboutsdeficelle.fr\/#website"},"primaryImageOfPage":{"@id":"https:\/\/www.troisboutsdeficelle.fr\/index.php\/environnement\/#primaryimage"},"image":{"@id":"https:\/\/www.troisboutsdeficelle.fr\/index.php\/environnement\/#primaryimage"},"thumbnailUrl":"https:\/\/www.troisboutsdeficelle.fr\/wp-content\/uploads\/2022\/08\/20220507_154847-1024x768.jpg","datePublished":"2022-08-03T19:56:58+00:00","dateModified":"2025-08-22T14:40:10+00:00","breadcrumb":{"@id":"https:\/\/www.troisboutsdeficelle.fr\/index.php\/environnement\/#breadcrumb"},"inLanguage":"fr-FR","potentialAction":[{"@type":"ReadAction","target":["https:\/\/www.troisboutsdeficelle.fr\/index.php\/environnement\/"]}]},{"@type":"ImageObject","inLanguage":"fr-FR","@id":"https:\/\/www.troisboutsdeficelle.fr\/index.php\/environnement\/#primaryimage","url":"https:\/\/www.troisboutsdeficelle.fr\/wp-content\/uploads\/2022\/08\/20220507_154847-scaled.jpg","contentUrl":"https:\/\/www.troisboutsdeficelle.fr\/wp-content\/uploads\/2022\/08\/20220507_154847-scaled.jpg","width":2560,"height":1920},{"@type":"BreadcrumbList","@id":"https:\/\/www.troisboutsdeficelle.fr\/index.php\/environnement\/#breadcrumb","itemListElement":[{"@type":"ListItem","position":1,"name":"Accueil","item":"https:\/\/www.troisboutsdeficelle.fr\/"},{"@type":"ListItem","position":2,"name":"Environnement"}]},{"@type":"WebSite","@id":"https:\/\/www.troisboutsdeficelle.fr\/#website","url":"https:\/\/www.troisboutsdeficelle.fr\/","name":"","description":"","publisher":{"@id":"https:\/\/www.troisboutsdeficelle.fr\/#organization"},"potentialAction":[{"@type":"SearchAction","target":{"@type":"EntryPoint","urlTemplate":"https:\/\/www.troisboutsdeficelle.fr\/?s={search_term_string}"},"query-input":"required name=search_term_string"}],"inLanguage":"fr-FR"},{"@type":"Organization","@id":"https:\/\/www.troisboutsdeficelle.fr\/#organization","name":"TROIS BOUTS DE FICELLE","url":"https:\/\/www.troisboutsdeficelle.fr\/","logo":{"@type":"ImageObject","inLanguage":"fr-FR","@id":"https:\/\/www.troisboutsdeficelle.fr\/#\/schema\/logo\/image\/","url":"https:\/\/www.troisboutsdeficelle.fr\/wp-content\/uploads\/2022\/07\/cropped-cropped-cropped-cropped-Logo-1.jpg","contentUrl":"https:\/\/www.troisboutsdeficelle.fr\/wp-content\/uploads\/2022\/07\/cropped-cropped-cropped-cropped-Logo-1.jpg","width":1461,"height":429,"caption":"TROIS BOUTS DE FICELLE"},"image":{"@id":"https:\/\/www.troisboutsdeficelle.fr\/#\/schema\/logo\/image\/"}}]}},"_links":{"self":[{"href":"https:\/\/www.troisboutsdeficelle.fr\/index.php\/wp-json\/wp\/v2\/pages\/132","targetHints":{"allow":["GET"]}}],"collection":[{"href":"https:\/\/www.troisboutsdeficelle.fr\/index.php\/wp-json\/wp\/v2\/pages"}],"about":[{"href":"https:\/\/www.troisboutsdeficelle.fr\/index.php\/wp-json\/wp\/v2\/types\/page"}],"author":[{"embeddable":true,"href":"https:\/\/www.troisboutsdeficelle.fr\/index.php\/wp-json\/wp\/v2\/users\/1"}],"replies":[{"embeddable":true,"href":"https:\/\/www.troisboutsdeficelle.fr\/index.php\/wp-json\/wp\/v2\/comments?post=132"}],"version-history":[{"count":96,"href":"https:\/\/www.troisboutsdeficelle.fr\/index.php\/wp-json\/wp\/v2\/pages\/132\/revisions"}],"predecessor-version":[{"id":1469,"href":"https:\/\/www.troisboutsdeficelle.fr\/index.php\/wp-json\/wp\/v2\/pages\/132\/revisions\/1469"}],"wp:attachment":[{"href":"https:\/\/www.troisboutsdeficelle.fr\/index.php\/wp-json\/wp\/v2\/media?parent=132"}],"curies":[{"name":"wp","href":"https:\/\/api.w.org\/{rel}","templated":true}]}}